{"id":2040,"date":"2020-04-18T11:42:14","date_gmt":"2020-04-18T09:42:14","guid":{"rendered":"https:\/\/www.krajcirstvo-nitra.sk\/datenschutzrichtlinien\/"},"modified":"2020-04-18T11:46:20","modified_gmt":"2020-04-18T09:46:20","slug":"datenschutzrichtlinien","status":"publish","type":"page","link":"https:\/\/www.krajcirstvo-nitra.sk\/de\/datenschutzrichtlinien\/","title":{"rendered":"Datenschutzrichtlinien"},"content":{"rendered":"<ol>\n<li>\n<h2><strong> Betreiber<\/strong><\/h2>\n<\/li>\n<\/ol>\n<p>Der Betreiber der Webseite krajcirstvo-nitra.sk (schneiderei-nitra.de\/at) ist:<\/p>\n<ul>\n<li>NOEXIST DESIGN s.r.o.<\/li>\n<li>Sitz: Dlh\u00e1 70, 949 01 Nitra, Slowakei<\/li>\n<li>Nr.: 52414043<\/li>\n<li>-Nr.: SK2121051218<\/li>\n<li>Eingetragen in Nitra, Abt. Sro, Register-Nr.: 48695\/N<\/li>\n<li>E-Mail: <a href=\"mailto:emily@krajcirstvo-nitra.sk\">emily@krajcirstvo-nitra.sk<\/a>, <a href=\"mailto:design@noexist.eu\">design@noexist.eu<\/a><\/li>\n<li>Telefon: +421 903 759\u00a0095, +421\u00a0903\u00a0951 036<\/li>\n<\/ul>\n<p>&nbsp;<\/p>\n<h2>2. Datenschutzrichtlinien<\/h2>\n<p>Die Verarbeitung der \u00fcbermittelten personenbezogenen Daten ist der Bestandteil unserer T\u00e4tigkeit. Ohne ihrer \u00dcbermittlung und Verarbeitung k\u00f6nnten wir unseren Klienten und potenziellen Interessenten keine Dienstleistungen im erforderlichen Umfang bieten.<\/p>\n<p>Wir verarbeiten die personenbezogenen Daten auf Grund des Gesetzes, was bedeutet, dass wir auch ohne direkte Zustimmung der betroffenen Person ihre personenbezogene Daten f\u00fcr die Leistung unserer T\u00e4tigkeit verarbeiten k\u00f6nnen. Die Grundlagen f\u00fcr solche Verarbeitung sind die einschl\u00e4gigen Rechtsvorschriften und es erm\u00f6glicht \u00fcberwiegend einen Kontakt mit der betroffenen Person, die auch der Kunde oder der Interessent an Dienstleistungen sein kann. Es dient auch zur Versicherung des Handelsverkehrs und zur Versicherung der Handelsbeziehungen, der Fakturierung der erbrachten Dienstleistungen.<\/p>\n<p>Wenn es kein rechtlicher Grund oder berechtigtes Interesse gibt, wir verarbeiten Ihre personenbezogene Daten nur auf der Grundlage Ihrer erteilten Zustimmung.<\/p>\n<p>&nbsp;<\/p>\n<h2>3. Arten von personenbezogenen Daten<\/h2>\n<p>Au\u00dfer der oben genannten personenbezogenen Daten verarbeiten wir folgende Daten:<\/p>\n<p><strong>Personenbezogene Daten aus Kontaktformularen<\/strong><\/p>\n<p>Die Kontaktformulare dienen zum Ersuchen um weitere Informationen \u00fcber unsere Dienste. Damit wir Ihnen Informationen \u00fcbermitteln k\u00f6nnen, verarbeiten wir die, ins Kontaktformular gegebenen Daten.<\/p>\n<p><strong>Personenbezogene Daten aus dem Nachrinteabonnement und <\/strong><strong>aus der Kampagne<\/strong><\/p>\n<p>Die Informationen \u00fcber Neuigkeiten, E-Books und andere Lehrmaterialien versenden wir ausschlie\u00dflich auf Ihren Antrag nach der Vergabe der Kontaktinformation in entsprechendes Formular.<\/p>\n<p>Wenn Sie von uns niemals \u00e4hnliche Marketing- und Lehrmaterialien erfordert haben, versenden wir Ihnen keine E-Mails. Wenn Sie von uns eine E-Mail bekommen haben, Sie haben in der Vergangenheit mit der Versendung von Marketinginformationen und Neuigkeiten zugestimmt.<\/p>\n<p>Sie k\u00f6nnen Ihre Zustimmung jederzeit per E-Mail widerrufen, oder indem Sie die entsprechende Schaltfl\u00e4che in der versandten E-Mail anklicken.<\/p>\n<p><strong>Cookies und statistische Daten<\/strong><\/p>\n<p>Unsere Webseiten benutzen f\u00fcr das richtige Funktionieren die Cookie-Dateien. Mehr dazu im Teil \u00fcber Cookies. Wir benutzen Cookies auch f\u00fcr Sammeln der statistischen Daten \u00fcber Besucherzahl. Durch sie, es ist nicht m\u00f6glich die konkrete Person zu identifizieren, diese sind anonym.<\/p>\n<p>&nbsp;<\/p>\n<h2>4. Handhabung personenbezogener Daten<\/h2>\n<p>Die personenbezogenen Daten verarbeiten wir entweder manuell, oder mit Hilfe von Informationssystemen. Ich habe alle angemessene Ma\u00dfnahmen, in erster Linie technischer Art, ergriffen, die die sichere Speicherung Ihrer Daten versichern.<\/p>\n<p>&nbsp;<\/p>\n<h2>5. Die Rechte der betroffenen Person<\/h2>\n<p>Sie haben das Recht:<\/p>\n<ol>\n<li>Ihre personenbezogene Daten zu erfordern, die ich verarbeite und Sie als betreffende Person anbelangen<\/li>\n<li>Auf Korrektion, \u00c4nderung, Beschr\u00e4nkung und L\u00f6schung Ihrer Daten<\/li>\n<li>Gegen die Verarbeitung der personenbezogenen Daten einzuwenden<\/li>\n<li>Auf \u00dcbertragbarkeit der personenbezogenen Daten<\/li>\n<li>Eine Beschwerde oder einen Antrag zur Kontrolle der Aufsichtsbeh\u00f6rde einzureichen, die die Datenschutzbeh\u00f6rde ist<\/li>\n<li>Die erteilte Zustimmung jederzeit zu widerrufen<\/li>\n<\/ol>\n<p>&nbsp;<\/p>\n<h2>6. Verarbeitungsdauer der personenbezogenen Daten<\/h2>\n<p>Die personenbezogenen Daten, die aus Kontaktformulare gewonnen sind, verarbeiten wir 2 Jahren. Die personenbezogenen Daten <strong>aus dem Nachrinteabonnement und Marketingmaterialien verarbeite ich <\/strong>f\u00fcr die Dauer Ihres Interesses an diesen Informationen. Die personenbezogenen Daten, die aus Grund einer Bestellung verarbeitet sind, bewahre ich 10 Jahren ab der Ausstellung der Rechnung auf, in \u00dcbereinstimmung mit Einkommensteuergesetz in ge\u00e4nderter Fassung.<\/p>\n<p>&nbsp;<\/p>\n<h2>7. Cookie-Richtlinien<\/h2>\n<p>Meine Webseiten verwenden Cookies und \u00e4hnliche Technologien zur Verbesserung meiner Online-Dienste. Durch die Verwendung dieser Webseiten Sie \u00e4u\u00dfern Ihre Zustimmung mit der Verwendung von Cookies, im Einklang mit der Einstellung des Browsers. Wenn Sie unsere Webseiten besuchen und Sie haben gleichzeitig im Browser die Speicherung von Cookies erlaubt, wir betrachten es als Zustimmung mit ihrer Verwendung und Akzeptanz unserer Nutzungsbedingungen.<\/p>\n<p><strong>Was sind Cookies?<\/strong><\/p>\n<p>Cookie ist eine kurze Textdatei, die ins Browser die besuchten Webseiten versenden. Es erm\u00f6glicht den Webseiten die Informationen \u00fcber Ihrem Besuch zu merken, zum Beispiel die bevorzugte Sprache und andere Einstellungen. Ein weiterer Besuch der Webseiten kann so leichter verlaufen und es kann produktiver sein. Die Cookie-Dateien sind wichtig. Ohne sie w\u00fcrde das Surfen im Internet wesentlich komplizierter.<\/p>\n<p><strong>Wie und warum verwende ich Cookies?<\/strong><\/p>\n<p><u>Grundlegende Cookie-Dateien<\/u><\/p>\n<p>Diese Cookie-Dateien erm\u00f6glichen die Verwendung der Grundfunktionen, wie zum Beispiel Anmelden des registrierten Benutzers oder die Ausf\u00fcllung der Formularen vorab. Wenn Sie diese Cookies verboten, wir k\u00f6nnen die volle Funktionsf\u00e4higkeit unserer Webseiten nicht garantieren.<\/p>\n<p><u>Betriebliche Cookie-Dateien<\/u><\/p>\n<p>Diese Cookies dienen zur Analyse des Besuchers auf der Webseite und anschlie\u00dfend zur Verbesserung ihrer Funktionsf\u00e4higkeit und des Aussehens. Wenn Sie diese Cookies verboten, wir k\u00f6nnen die volle Funktionsf\u00e4higkeit unserer Webseiten nicht garantieren.<\/p>\n<p><u>Werbliche Cookie-Dateien<\/u><\/p>\n<p>Die werblichen Cookie-Dateien dienen zur Optimierung des dargestellten Inhalts und der Werbung, angesichts der Gewohnheiten des Besuchers und der Effektivit\u00e4t der Marketingkommunikation von Vergebern. Dank ihnen es wird Ihnen zum Beispiel eine Werbung\u00a0 aus einem Bereich, an welches Sie kein Interesse zeigen, nicht unn\u00f6tig oft erscheinen.<\/p>\n<p><strong>Cookies der Dritten<\/strong><\/p>\n<p>Die Cookies der Dritten erstellen und benutzen die Dienstleister von Google Analytics und Facebook. Diese Dienste sind in unseren Webseiten integriert, weil wir diese als n\u00fctzlich und v\u00f6llig sicher betrachten.<\/p>\n<p><a href=\"https:\/\/policies.google.com\/technologies\/cookies?hl=sk\">Ve<\/a><a href=\"https:\/\/policies.google.com\/technologies\/cookies?hl=sk\">r<\/a><a href=\"https:\/\/policies.google.com\/technologies\/cookies?hl=sk\">wendungsregeln von<\/a> <a href=\"https:\/\/policies.google.com\/technologies\/cookies?hl=sk\">C<\/a><a href=\"https:\/\/policies.google.com\/technologies\/cookies?hl=sk\">ookies Google<\/a><\/p>\n<p><a href=\"https:\/\/policies.google.com\/technologies\/cookies?hl=sk\">Ve<\/a><a href=\"https:\/\/policies.google.com\/technologies\/cookies?hl=sk\">r<\/a><a href=\"https:\/\/policies.google.com\/technologies\/cookies?hl=sk\">wendungsregeln<\/a><u> von<\/u> <a href=\"https:\/\/www.facebook.com\/policies\/cookies\/\">C<\/a><a href=\"https:\/\/www.facebook.com\/policies\/cookies\/\">ookies Facebook<\/a><\/p>\n<p><strong>Wie k\u00f6nnen Sie die Einstellung von Cookies \u00e4ndern?<\/strong><\/p>\n<p>Die meisten Internetbrowser erm\u00f6glichen die Cookies aus Ihrem Ger\u00e4t auszul\u00f6schen, alle Cookies (oder nur Cookies der Dritten) zu sperren, oder Sie davor zu warnen, wie ein, auf Ihrem Ger\u00e4t gespreicherter Cookie.\u00a0 Das Verfahren der Einstellung von Sperrung der Cookie-Dateien h\u00e4ngt von dem Browser ab, den Sie verwenden. Die Instruktionen erhalten Sie mittels der \u201eHilfe\u201c oder des betreffenden Angebots im Webbrowser, den Sie verwenden. Wir werden respektieren, insofern Sie die voreingestellte Einstellung von Cookies \u00e4ndern. Die Ausschaltung einiger Cookies kann aber auf die Funktionsf\u00e4higkeit unserer Webseiten auswirken.<\/p>\n<p>&nbsp;<\/p>\n<h2>8. Verantwortlichkeit<\/h2>\n<p>Wir sind f\u00fcr die Einhaltung dieser Richtlinien bei der Verarbeitung der personenbezogenen Daten und im Einklang mit geltender Verordnungen verantwortlich.<\/p>\n","protected":false},"excerpt":{"rendered":"<p>Betreiber Der Betreiber der Webseite krajcirstvo-nitra.sk (schneiderei-nitra.de\/at) ist: NOEXIST DESIGN s.r.o. Sitz: Dlh\u00e1 70, 949 01 Nitra, Slowakei Nr.: 52414043 -Nr.: SK2121051218 Eingetragen in Nitra, Abt. Sro, Register-Nr.: 48695\/N E-Mail: emily@krajcirstvo-nitra.sk, design@noexist.eu Telefon: +421 903 759\u00a0095, +421\u00a0903\u00a0951 036 &nbsp; 2. Datenschutzrichtlinien Die Verarbeitung der \u00fcbermittelten personenbezogenen Daten ist der Bestandteil unserer T\u00e4tigkeit. Ohne ihrer \u00dcbermittlung und Verarbeitung k\u00f6nnten wir unseren [&hellip;]<\/p>\n","protected":false},"author":1,"featured_media":0,"parent":0,"menu_order":0,"comment_status":"closed","ping_status":"open","template":"","meta":{"_monsterinsights_skip_tracking":false,"_monsterinsights_sitenote_active":false,"_monsterinsights_sitenote_note":"","_monsterinsights_sitenote_category":0},"yst_prominent_words":[],"_links":{"self":[{"href":"https:\/\/www.krajcirstvo-nitra.sk\/de\/wp-json\/wp\/v2\/pages\/2040\/"}],"collection":[{"href":"https:\/\/www.krajcirstvo-nitra.sk\/de\/wp-json\/wp\/v2\/pages\/"}],"about":[{"href":"https:\/\/www.krajcirstvo-nitra.sk\/de\/wp-json\/wp\/v2\/types\/page\/"}],"author":[{"embeddable":true,"href":"https:\/\/www.krajcirstvo-nitra.sk\/de\/wp-json\/wp\/v2\/users\/1\/"}],"replies":[{"embeddable":true,"href":"https:\/\/www.krajcirstvo-nitra.sk\/de\/wp-json\/wp\/v2\/comments\/?post=2040"}],"version-history":[{"count":1,"href":"https:\/\/www.krajcirstvo-nitra.sk\/de\/wp-json\/wp\/v2\/pages\/2040\/revisions\/"}],"predecessor-version":[{"id":2041,"href":"https:\/\/www.krajcirstvo-nitra.sk\/de\/wp-json\/wp\/v2\/pages\/2040\/revisions\/2041\/"}],"wp:attachment":[{"href":"https:\/\/www.krajcirstvo-nitra.sk\/de\/wp-json\/wp\/v2\/media\/?parent=2040"}],"wp:term":[{"taxonomy":"yst_prominent_words","embeddable":true,"href":"https:\/\/www.krajcirstvo-nitra.sk\/de\/wp-json\/wp\/v2\/yst_prominent_words\/?post=2040"}],"curies":[{"name":"wp","href":"https:\/\/api.w.org\/{rel}","templated":true}]}}